{"id":34655,"date":"2025-11-11T21:49:11","date_gmt":"2025-11-11T21:49:11","guid":{"rendered":"https:\/\/streetethic.de\/product\/halloween-pullover\/"},"modified":"2025-11-11T21:49:12","modified_gmt":"2025-11-11T21:49:12","slug":"halloween-pullover","status":"publish","type":"product","link":"https:\/\/streetethic.de\/de\/produkt\/halloween-pullover\/","title":{"rendered":"Halloween Pullover"},"content":{"rendered":"<p> <b>\u00dcbersicht:<\/b> <br \/> Einzigartiges Design, stilvoll und sch\u00f6n. <br \/> Gutes Material, angenehmes Tragegef\u00fchl. <br \/> Eine Vielzahl von Farben, jede Wahl. <b> <br \/> <\/b> <\/p>\n<p> <b>Produktinformationen:<\/b>  <\/p>\n<p> Stoffname: Acryl <br \/> Hauptstoffzusammensetzung: Acrylfaser <br \/> Muster: Geist <br \/> Dicke: Mittel <br \/> Stil: Basistil <br \/> Kombinationsform: Einzelst\u00fcck <br \/> Muster: Regelm\u00e4\u00dfig <br \/> Beliebtes Element: Geist <br \/> Prozess: Hochtemperaturformung <br \/> Farben: Orange, Khaki, Grau <\/p>\n<p> <b>Gr\u00f6\u00dfeninformationen:<\/b> <br \/> Gr\u00f6\u00dfe: S\/M\/L\/XL <\/p>\n<p> <img decoding=\"async\" src=\"https:\/\/cc-west-usa.oss-us-west-1.aliyuncs.com\/29fda89a-eb94-450b-9c27-f7fc3ae1f3e3.jpg\">  <\/p>\n<p> <\/p>\n<p> <b>Hinweis:<\/b> <br \/> 1. Asiatische Gr\u00f6\u00dfen fallen 1 bis 2 Gr\u00f6\u00dfen kleiner aus als europ\u00e4ische und amerikanische Gr\u00f6\u00dfen. W\u00e4hlen Sie die gr\u00f6\u00dfere Gr\u00f6\u00dfe, wenn Ihre Gr\u00f6\u00dfe zwischen zwei Gr\u00f6\u00dfen liegt. Bitte erlauben Sie 2-3 cm Unterschied aufgrund manueller Messung. <br \/> 2. Bitte \u00fcberpr\u00fcfen Sie die Gr\u00f6\u00dfentabelle sorgf\u00e4ltig, bevor Sie den Artikel kaufen. Wenn Sie nicht wissen, wie Sie die Gr\u00f6\u00dfe w\u00e4hlen sollen, kontaktieren Sie bitte unseren Kundenservice. <br \/> 3. Wie Sie wissen, zeigen verschiedene Computer Farben unterschiedlich an, die Farbe des tats\u00e4chlichen Artikels kann leicht von den folgenden Bildern abweichen. <\/p>\n<p> <b>Verpackungsliste:<\/b> <\/p>\n<p>Jacke*1<\/p>\n<p>&nbsp;<\/p>\n<p> <b>Produktbild:<\/b> <\/p>\n<p> <img decoding=\"async\" src=\"https:\/\/oss-cf.cjdropshipping.com\/product\/2024\/09\/13\/06\/99e45e08-3291-4355-b5b4-b61388587872.jpg\"> <img decoding=\"async\" src=\"https:\/\/oss-cf.cjdropshipping.com\/product\/2024\/09\/13\/06\/74b619ef-ee97-48c2-bd4a-30b1ebf5ec60.jpg\"> <img decoding=\"async\" src=\"https:\/\/oss-cf.cjdropshipping.com\/product\/2024\/09\/13\/06\/e4bc40aa-68be-48ac-9eee-25af515b0059.jpg\"> <br \/> <img decoding=\"async\" src=\"https:\/\/oss-cf.cjdropshipping.com\/product\/2024\/09\/13\/06\/2d774fbf-70c3-472f-a9a6-ba365ec4f97c.jpg\"> <img decoding=\"async\" src=\"https:\/\/oss-cf.cjdropshipping.com\/product\/2024\/09\/13\/06\/61fab152-bc96-499c-9e05-4d50f6193b5d.jpg\"> <img decoding=\"async\" src=\"https:\/\/oss-cf.cjdropshipping.com\/product\/2024\/09\/13\/06\/eff12e7a-2671-4187-a3c4-46d9e61eac1f.jpg\"> <img decoding=\"async\" src=\"https:\/\/oss-cf.cjdropshipping.com\/product\/2024\/09\/13\/06\/1b6f9484-46e4-454b-b19a-9b6de7a2940b.jpg\"> <img decoding=\"async\" src=\"https:\/\/oss-cf.cjdropshipping.com\/product\/2024\/09\/13\/06\/f9197777-bbe6-42f9-807d-a4a17c9471a8.jpg\"> <\/p>\n","protected":false},"excerpt":{"rendered":"<p>\u00dcbersicht: Einzigartiges Design, stilvoll und sch\u00f6n. Gutes Material, angenehmes Tragegef\u00fchl. Eine Vielzahl von Farben, jede Wahl. Produktinformationen: Stoffname: Acryl Hauptstoffzusammensetzung: Acrylfaser Muster: Geist Dicke: Mittel Stil: Basistil Kombinationsform: Einzelst\u00fcck Muster: Regelm\u00e4\u00dfig Beliebtes Element: Geist Prozess: Hochtemperaturformung Farben: Orange, Khaki, Grau Gr\u00f6\u00dfeninformationen: Gr\u00f6\u00dfe: S\/M\/L\/XL Hinweis: 1. Asiatische Gr\u00f6\u00dfen fallen 1 bis 2 Gr\u00f6\u00dfen kleiner aus als [&hellip;]<\/p>\n","protected":false},"featured_media":33097,"comment_status":"open","ping_status":"closed","template":"","meta":[],"product_brand":[],"product_cat":[641],"product_tag":[],"class_list":{"0":"post-34655","1":"product","2":"type-product","3":"status-publish","4":"has-post-thumbnail","6":"product_cat-pullover-strickjacken-damen","8":"first","9":"instock","10":"taxable","11":"shipping-taxable","12":"purchasable","13":"product-type-variable"},"aioseo_notices":[],"_links":{"self":[{"href":"https:\/\/streetethic.de\/de\/wp-json\/wp\/v2\/product\/34655","targetHints":{"allow":["GET"]}}],"collection":[{"href":"https:\/\/streetethic.de\/de\/wp-json\/wp\/v2\/product"}],"about":[{"href":"https:\/\/streetethic.de\/de\/wp-json\/wp\/v2\/types\/product"}],"replies":[{"embeddable":true,"href":"https:\/\/streetethic.de\/de\/wp-json\/wp\/v2\/comments?post=34655"}],"wp:featuredmedia":[{"embeddable":true,"href":"https:\/\/streetethic.de\/de\/wp-json\/wp\/v2\/media\/33097"}],"wp:attachment":[{"href":"https:\/\/streetethic.de\/de\/wp-json\/wp\/v2\/media?parent=34655"}],"wp:term":[{"taxonomy":"product_brand","embeddable":true,"href":"https:\/\/streetethic.de\/de\/wp-json\/wp\/v2\/product_brand?post=34655"},{"taxonomy":"product_cat","embeddable":true,"href":"https:\/\/streetethic.de\/de\/wp-json\/wp\/v2\/product_cat?post=34655"},{"taxonomy":"product_tag","embeddable":true,"href":"https:\/\/streetethic.de\/de\/wp-json\/wp\/v2\/product_tag?post=34655"}],"curies":[{"name":"wp","href":"https:\/\/api.w.org\/{rel}","templated":true}]}}