{"id":34217,"date":"2025-10-06T11:01:15","date_gmt":"2025-10-06T11:01:15","guid":{"rendered":"https:\/\/streetethic.de\/product\/camo-outfit\/"},"modified":"2025-10-06T11:02:14","modified_gmt":"2025-10-06T11:02:14","slug":"camo-outfit","status":"publish","type":"product","link":"https:\/\/streetethic.de\/de\/produkt\/camo-outfit\/","title":{"rendered":"Camo Outfit"},"content":{"rendered":"<h2 style=\"font-size:18px; font-weight:700;\">Damen Camo Outfit Set<\/h2>\n<p>\nBleib l\u00e4ssig mit diesem Camouflage-Outfit-Set aus einem figurbetonten Tanktop und einer bequemen Hose.<br \/>\nDas durchgehende Camo-Muster sorgt f\u00fcr einen coolen Streetwear-Look, w\u00e4hrend der weiche, atmungsaktive Stoff den ganzen Tag \u00fcber Komfort bietet.<br \/>\nIdeal f\u00fcr den Alltag, zum Entspannen oder kombiniert mit Sneakern f\u00fcr einen l\u00e4ssigen Style.\n<\/p>\n<h3 style=\"font-size:16px; font-weight:700;\">\ud83c\udfaf Perfekt f\u00fcr<\/h3>\n<ul style=\"padding-left:16px;\">\n<li>T\u00e4gliche Streetwear<\/li>\n<li>Freizeit und Reisen<\/li>\n<li>Entspannte Wochenend-Looks<\/li>\n<li>Kombinierbar mit Sneakern oder Combat-Boots<\/li>\n<\/ul>\n<h3 style=\"font-size:16px; font-weight:700;\">\ud83e\uddf5 Material &#038; Pflege<\/h3>\n<ul style=\"padding-left:16px;\">\n<li>Weiche und atmungsaktive Polyester-Baumwoll-Mischung<\/li>\n<li>Maschinenw\u00e4sche bei 30\u00b0C<\/li>\n<li>Nicht bleichen<\/li>\n<li>Bei niedriger Temperatur b\u00fcgeln<\/li>\n<\/ul>\n","protected":false},"excerpt":{"rendered":"<p>Damen Camo Outfit Set Bleib l\u00e4ssig mit diesem Camouflage-Outfit-Set aus einem figurbetonten Tanktop und einer bequemen Hose. Das durchgehende Camo-Muster sorgt f\u00fcr einen coolen Streetwear-Look, w\u00e4hrend der weiche, atmungsaktive Stoff den ganzen Tag \u00fcber Komfort bietet. Ideal f\u00fcr den Alltag, zum Entspannen oder kombiniert mit Sneakern f\u00fcr einen l\u00e4ssigen Style. \ud83c\udfaf Perfekt f\u00fcr T\u00e4gliche Streetwear [&hellip;]<\/p>\n","protected":false},"featured_media":34222,"comment_status":"closed","ping_status":"closed","template":"","meta":[],"product_brand":[],"product_cat":[634],"product_tag":[],"class_list":{"0":"post-34217","1":"product","2":"type-product","3":"status-publish","4":"has-post-thumbnail","6":"product_cat-sets-damen","8":"first","9":"instock","10":"sale","11":"taxable","12":"shipping-taxable","13":"purchasable","14":"product-type-variable","15":"has-default-attributes"},"aioseo_notices":[],"_links":{"self":[{"href":"https:\/\/streetethic.de\/de\/wp-json\/wp\/v2\/product\/34217","targetHints":{"allow":["GET"]}}],"collection":[{"href":"https:\/\/streetethic.de\/de\/wp-json\/wp\/v2\/product"}],"about":[{"href":"https:\/\/streetethic.de\/de\/wp-json\/wp\/v2\/types\/product"}],"replies":[{"embeddable":true,"href":"https:\/\/streetethic.de\/de\/wp-json\/wp\/v2\/comments?post=34217"}],"wp:featuredmedia":[{"embeddable":true,"href":"https:\/\/streetethic.de\/de\/wp-json\/wp\/v2\/media\/34222"}],"wp:attachment":[{"href":"https:\/\/streetethic.de\/de\/wp-json\/wp\/v2\/media?parent=34217"}],"wp:term":[{"taxonomy":"product_brand","embeddable":true,"href":"https:\/\/streetethic.de\/de\/wp-json\/wp\/v2\/product_brand?post=34217"},{"taxonomy":"product_cat","embeddable":true,"href":"https:\/\/streetethic.de\/de\/wp-json\/wp\/v2\/product_cat?post=34217"},{"taxonomy":"product_tag","embeddable":true,"href":"https:\/\/streetethic.de\/de\/wp-json\/wp\/v2\/product_tag?post=34217"}],"curies":[{"name":"wp","href":"https:\/\/api.w.org\/{rel}","templated":true}]}}