{"id":25871,"date":"2025-09-26T08:41:00","date_gmt":"2025-09-26T08:41:00","guid":{"rendered":"https:\/\/streetethic.de\/product\/dropped-shoulder-hoodie\/"},"modified":"2025-09-26T08:43:11","modified_gmt":"2025-09-26T08:43:11","slug":"dropped-shoulder-hoodie","status":"publish","type":"product","link":"https:\/\/streetethic.de\/de\/produkt\/dropped-shoulder-hoodie\/","title":{"rendered":"Dropped Shoulder Hoodie"},"content":{"rendered":"<p> <b>\u00dcbersicht:<\/b> <\/p>\n<p> Einzigartiges Design, stilvoll und sch\u00f6n. <br \/> Hochwertiges Material, angenehmer Tragekomfort. <br \/> Verschiedene Farben, freie Auswahl. <\/p>\n<p> <b> <br \/> <\/b> <\/p>\n<p> <b>Produktinformationen:<\/b> <br \/> Taschenstil: gro\u00dfe aufgesetzte Tasche <br \/> Farbe: Schwarz, Marineblau, Khaki, Hellgrau <br \/> Gr\u00f6\u00dfe: S, M, L, XL, XXL, XXXL <br \/> Stil: Pullover <br \/> Stoffname: Polyesterfaser <br \/> Stil: Sport und Freizeit <\/p>\n<p> <\/p>\n<p><b>Gr\u00f6\u00dfe:<\/b><br \/>\n <\/p>\n<p> <img decoding=\"async\" src=\"https:\/\/oss-cf.cjdropshipping.com\/product\/2024\/10\/28\/06\/967d6963-89f7-4f4f-a10d-b3e744751e34_trans.jpeg\"> <\/p>\n<p><b>Hinweis:<\/b> &nbsp;<br \/>\n<br \/> 1. Asiatische Gr\u00f6\u00dfen sind 1 bis 2 Nummern kleiner als europ\u00e4ische und amerikanische Gr\u00f6\u00dfen. W\u00e4hlen Sie die gr\u00f6\u00dfere Gr\u00f6\u00dfe, wenn Ihre Ma\u00dfe zwischen zwei Gr\u00f6\u00dfen liegen. Bitte erlauben Sie 2\u20133 cm Abweichungen aufgrund manueller Messung. <br \/> <br \/>\n2. Bitte \u00fcberpr\u00fcfen Sie die Gr\u00f6\u00dfentabelle sorgf\u00e4ltig, bevor Sie den Artikel kaufen. Wenn Sie nicht wissen, wie Sie die Gr\u00f6\u00dfe w\u00e4hlen sollen, wenden Sie sich bitte an unseren Kundenservice. <br \/> <br \/>\n3. Wie Sie wissen, zeigen verschiedene Computer die Farben unterschiedlich an. Die tats\u00e4chliche Farbe des Artikels kann daher leicht von den Bildern abweichen. <\/p>\n<p> <\/p>\n<p><b>Lieferumfang: <\/b><br \/>\n<br \/> Hoodie x1&nbsp; <\/p>\n<p> <\/p>\n<p><b>Produktbilder:<\/b> &nbsp; <\/p>\n<p> <img decoding=\"async\" src=\"https:\/\/cf.cjdropshipping.com\/17113248\/2403250951370325600.jpg\">  <\/p>\n<p><img decoding=\"async\" src=\"https:\/\/cf.cjdropshipping.com\/17113248\/2403250951370323800.jpg\"><br \/>\n<img decoding=\"async\" src=\"https:\/\/cf.cjdropshipping.com\/17113248\/2403250951370324400.jpg\"><br \/>\n<img decoding=\"async\" src=\"https:\/\/cf.cjdropshipping.com\/17113248\/2403250951370325100.jpg\"> &nbsp;<br \/>\n<img decoding=\"async\" src=\"https:\/\/cf.cjdropshipping.com\/17113248\/2403250951370326100.jpg\"><\/p>\n","protected":false},"excerpt":{"rendered":"<p>\u00dcbersicht: Einzigartiges Design, stilvoll und sch\u00f6n. Hochwertiges Material, angenehmer Tragekomfort. Verschiedene Farben, freie Auswahl. Produktinformationen: Taschenstil: gro\u00dfe aufgesetzte Tasche Farbe: Schwarz, Marineblau, Khaki, Hellgrau Gr\u00f6\u00dfe: S, M, L, XL, XXL, XXXL Stil: Pullover Stoffname: Polyesterfaser Stil: Sport und Freizeit Gr\u00f6\u00dfe: Hinweis: &nbsp; 1. Asiatische Gr\u00f6\u00dfen sind 1 bis 2 Nummern kleiner als europ\u00e4ische und amerikanische [&hellip;]<\/p>\n","protected":false},"featured_media":25860,"comment_status":"open","ping_status":"closed","template":"","meta":[],"product_brand":[],"product_cat":[654],"product_tag":[],"class_list":{"0":"post-25871","1":"product","2":"type-product","3":"status-publish","4":"has-post-thumbnail","6":"product_cat-sweatshirts-kapuzenpullis-herren","8":"first","9":"instock","10":"taxable","11":"shipping-taxable","12":"purchasable","13":"product-type-variable","14":"has-default-attributes"},"aioseo_notices":[],"_links":{"self":[{"href":"https:\/\/streetethic.de\/de\/wp-json\/wp\/v2\/product\/25871","targetHints":{"allow":["GET"]}}],"collection":[{"href":"https:\/\/streetethic.de\/de\/wp-json\/wp\/v2\/product"}],"about":[{"href":"https:\/\/streetethic.de\/de\/wp-json\/wp\/v2\/types\/product"}],"replies":[{"embeddable":true,"href":"https:\/\/streetethic.de\/de\/wp-json\/wp\/v2\/comments?post=25871"}],"wp:featuredmedia":[{"embeddable":true,"href":"https:\/\/streetethic.de\/de\/wp-json\/wp\/v2\/media\/25860"}],"wp:attachment":[{"href":"https:\/\/streetethic.de\/de\/wp-json\/wp\/v2\/media?parent=25871"}],"wp:term":[{"taxonomy":"product_brand","embeddable":true,"href":"https:\/\/streetethic.de\/de\/wp-json\/wp\/v2\/product_brand?post=25871"},{"taxonomy":"product_cat","embeddable":true,"href":"https:\/\/streetethic.de\/de\/wp-json\/wp\/v2\/product_cat?post=25871"},{"taxonomy":"product_tag","embeddable":true,"href":"https:\/\/streetethic.de\/de\/wp-json\/wp\/v2\/product_tag?post=25871"}],"curies":[{"name":"wp","href":"https:\/\/api.w.org\/{rel}","templated":true}]}}