{"id":25177,"date":"2025-09-19T08:58:19","date_gmt":"2025-09-19T08:58:19","guid":{"rendered":"https:\/\/streetethic.de\/product\/weisses-torn-camo-t-shirt\/"},"modified":"2025-09-19T08:58:19","modified_gmt":"2025-09-19T08:58:19","slug":"weisses-torn-camo-t-shirt","status":"publish","type":"product","link":"https:\/\/streetethic.de\/de\/produkt\/weisses-torn-camo-t-shirt\/","title":{"rendered":"Wei\u00dfes Torn Camo T-Shirt"},"content":{"rendered":"<div style=\"font-family: Arial, sans-serif; line-height: 1.6; color: #222;\">\n<h2 style=\"font-size: 18px; font-weight: bold; margin-bottom: 8px;\">\ud83d\udd25 Auff\u00e4lliger Streetwear-Look<\/h2>\n<p>\n Dieses <strong>wei\u00dfe Herren-T-Shirt<\/strong> f\u00e4llt durch<strong> markante Riss-Details<\/strong> auf, unter denen<br \/>\n <strong> gr\u00fcner Army-Camo-Stoff<\/strong> sichtbar wird. Gruppierte Cuts auf der Brust, am rechten Bauchbereich und der Schulter<br \/>\n sowie ein einzelner Akzent am linken \u00c4rmel sorgen f\u00fcr einen robusten, urbanen Layer-Look, der jedem Outfit einen edgy Touch verleiht.\n  <\/p>\n<h3 style=\"font-size: 16px; font-weight: bold; margin-top: 16px; margin-bottom: 6px;\">\ud83c\udfaf Ideal F\u00fcr<\/h3>\n<ul style=\"margin: 0; padding-left: 18px;\">\n<li>L\u00e4ssige Streetwear-Outfits<\/li>\n<li>Layering unter Jacken oder Hoodies<\/li>\n<li>Kombination mit Jeans, Joggern oder Cargohosen<\/li>\n<li>Partys, Konzerte oder Freizeit-Treffen<\/li>\n<li>Markanten Akzent f\u00fcr den Alltag<\/li>\n<\/ul>\n<\/div>\n","protected":false},"excerpt":{"rendered":"<p>\ud83d\udd25 Auff\u00e4lliger Streetwear-Look Dieses wei\u00dfe Herren-T-Shirt f\u00e4llt durch markante Riss-Details auf, unter denen gr\u00fcner Army-Camo-Stoff sichtbar wird. Gruppierte Cuts auf der Brust, am rechten Bauchbereich und der Schulter sowie ein einzelner Akzent am linken \u00c4rmel sorgen f\u00fcr einen robusten, urbanen Layer-Look, der jedem Outfit einen edgy Touch verleiht. \ud83c\udfaf Ideal F\u00fcr L\u00e4ssige Streetwear-Outfits Layering unter [&hellip;]<\/p>\n","protected":false},"featured_media":25163,"comment_status":"closed","ping_status":"closed","template":"","meta":[],"product_brand":[],"product_cat":[656],"product_tag":[],"class_list":{"0":"post-25177","1":"product","2":"type-product","3":"status-publish","4":"has-post-thumbnail","6":"product_cat-tshirts-herren","8":"first","9":"instock","10":"taxable","11":"shipping-taxable","12":"purchasable","13":"product-type-variable"},"aioseo_notices":[],"_links":{"self":[{"href":"https:\/\/streetethic.de\/de\/wp-json\/wp\/v2\/product\/25177","targetHints":{"allow":["GET"]}}],"collection":[{"href":"https:\/\/streetethic.de\/de\/wp-json\/wp\/v2\/product"}],"about":[{"href":"https:\/\/streetethic.de\/de\/wp-json\/wp\/v2\/types\/product"}],"replies":[{"embeddable":true,"href":"https:\/\/streetethic.de\/de\/wp-json\/wp\/v2\/comments?post=25177"}],"wp:featuredmedia":[{"embeddable":true,"href":"https:\/\/streetethic.de\/de\/wp-json\/wp\/v2\/media\/25163"}],"wp:attachment":[{"href":"https:\/\/streetethic.de\/de\/wp-json\/wp\/v2\/media?parent=25177"}],"wp:term":[{"taxonomy":"product_brand","embeddable":true,"href":"https:\/\/streetethic.de\/de\/wp-json\/wp\/v2\/product_brand?post=25177"},{"taxonomy":"product_cat","embeddable":true,"href":"https:\/\/streetethic.de\/de\/wp-json\/wp\/v2\/product_cat?post=25177"},{"taxonomy":"product_tag","embeddable":true,"href":"https:\/\/streetethic.de\/de\/wp-json\/wp\/v2\/product_tag?post=25177"}],"curies":[{"name":"wp","href":"https:\/\/api.w.org\/{rel}","templated":true}]}}