{"id":25120,"date":"2025-09-16T09:12:08","date_gmt":"2025-09-16T09:12:08","guid":{"rendered":"https:\/\/streetethic.de\/product\/double-zip-camo-saum-t-shirt\/"},"modified":"2025-09-16T09:12:08","modified_gmt":"2025-09-16T09:12:08","slug":"double-zip-camo-saum-t-shirt","status":"publish","type":"product","link":"https:\/\/streetethic.de\/de\/produkt\/double-zip-camo-saum-t-shirt\/","title":{"rendered":"Double Zip Camo Saum T-Shirt"},"content":{"rendered":"<p>Stechen Sie hervor mit diesem schlichten wei\u00dfen Herren-T-Shirt, das mit zwei auff\u00e4lligen vertikalen Rei\u00dfverschl\u00fcssen auf der rechten Brustseite \u00fcberzeugt \u2014 einer kurz, einer lang. Am Saum sorgt ein Einsatz aus Army-Camo-Stoff f\u00fcr einen coolen Layer-Look, der Schlichtheit mit urbanem Charakter verbindet. Ideal f\u00fcr Freizeit, kombiniert mit Jeans oder Joggern oder als Layer unter Jacken, verleiht dieses Shirt dem Camo-Design einen modernen Touch und bringt frische Streetwear-Energie in den Alltag.  <\/p>\n","protected":false},"excerpt":{"rendered":"<p>Stechen Sie hervor mit diesem schlichten wei\u00dfen Herren-T-Shirt, das mit zwei auff\u00e4lligen vertikalen Rei\u00dfverschl\u00fcssen auf der rechten Brustseite \u00fcberzeugt \u2014 einer kurz, einer lang. Am Saum sorgt ein Einsatz aus Army-Camo-Stoff f\u00fcr einen coolen Layer-Look, der Schlichtheit mit urbanem Charakter verbindet. Ideal f\u00fcr Freizeit, kombiniert mit Jeans oder Joggern oder als Layer unter Jacken, verleiht [&hellip;]<\/p>\n","protected":false},"featured_media":34363,"comment_status":"closed","ping_status":"closed","template":"","meta":[],"product_brand":[],"product_cat":[656],"product_tag":[],"class_list":{"0":"post-25120","1":"product","2":"type-product","3":"status-publish","4":"has-post-thumbnail","6":"product_cat-tshirts-herren","8":"first","9":"instock","10":"sale","11":"taxable","12":"shipping-taxable","13":"purchasable","14":"product-type-variable","15":"has-default-attributes"},"aioseo_notices":[],"_links":{"self":[{"href":"https:\/\/streetethic.de\/de\/wp-json\/wp\/v2\/product\/25120","targetHints":{"allow":["GET"]}}],"collection":[{"href":"https:\/\/streetethic.de\/de\/wp-json\/wp\/v2\/product"}],"about":[{"href":"https:\/\/streetethic.de\/de\/wp-json\/wp\/v2\/types\/product"}],"replies":[{"embeddable":true,"href":"https:\/\/streetethic.de\/de\/wp-json\/wp\/v2\/comments?post=25120"}],"wp:featuredmedia":[{"embeddable":true,"href":"https:\/\/streetethic.de\/de\/wp-json\/wp\/v2\/media\/34363"}],"wp:attachment":[{"href":"https:\/\/streetethic.de\/de\/wp-json\/wp\/v2\/media?parent=25120"}],"wp:term":[{"taxonomy":"product_brand","embeddable":true,"href":"https:\/\/streetethic.de\/de\/wp-json\/wp\/v2\/product_brand?post=25120"},{"taxonomy":"product_cat","embeddable":true,"href":"https:\/\/streetethic.de\/de\/wp-json\/wp\/v2\/product_cat?post=25120"},{"taxonomy":"product_tag","embeddable":true,"href":"https:\/\/streetethic.de\/de\/wp-json\/wp\/v2\/product_tag?post=25120"}],"curies":[{"name":"wp","href":"https:\/\/api.w.org\/{rel}","templated":true}]}}