{"id":25056,"date":"2025-09-15T11:06:05","date_gmt":"2025-09-15T11:06:05","guid":{"rendered":"https:\/\/streetethic.de\/product\/faded-button-jeans\/"},"modified":"2025-09-15T11:06:05","modified_gmt":"2025-09-15T11:06:05","slug":"faded-button-jeans","status":"publish","type":"product","link":"https:\/\/streetethic.de\/de\/produkt\/faded-button-jeans\/","title":{"rendered":"Faded Button Jeans"},"content":{"rendered":"<p>Bleiben Sie l\u00e4ssig und selbstbewusst mit dieser Herrenjeans im Regular Fit, die stylische Fade-Details vorne und hinten zeigt. Ausgestattet mit zwei Ges\u00e4\u00dftaschen, Seitentaschen und einem 3-Knopf-Verschluss statt Rei\u00dfverschluss, \u00fcberzeugt sie zudem mit dezenten Riss-Akzenten an den Ges\u00e4\u00dftaschen f\u00fcr einen modernen Used-Look. Ideal f\u00fcr den Alltag, Ausgehen oder in Kombination mit Graphic-Tees und Hoodies verleiht sie jedem Outfit einen entspannten Streetwear-Charakter.  <\/p>\n","protected":false},"excerpt":{"rendered":"<p>Bleiben Sie l\u00e4ssig und selbstbewusst mit dieser Herrenjeans im Regular Fit, die stylische Fade-Details vorne und hinten zeigt. Ausgestattet mit zwei Ges\u00e4\u00dftaschen, Seitentaschen und einem 3-Knopf-Verschluss statt Rei\u00dfverschluss, \u00fcberzeugt sie zudem mit dezenten Riss-Akzenten an den Ges\u00e4\u00dftaschen f\u00fcr einen modernen Used-Look. Ideal f\u00fcr den Alltag, Ausgehen oder in Kombination mit Graphic-Tees und Hoodies verleiht sie [&hellip;]<\/p>\n","protected":false},"featured_media":25047,"comment_status":"closed","ping_status":"closed","template":"","meta":[],"product_brand":[],"product_cat":[650],"product_tag":[],"class_list":{"0":"post-25056","1":"product","2":"type-product","3":"status-publish","4":"has-post-thumbnail","6":"product_cat-jeans-herren","8":"first","9":"instock","10":"taxable","11":"shipping-taxable","12":"purchasable","13":"product-type-simple"},"aioseo_notices":[],"_links":{"self":[{"href":"https:\/\/streetethic.de\/de\/wp-json\/wp\/v2\/product\/25056","targetHints":{"allow":["GET"]}}],"collection":[{"href":"https:\/\/streetethic.de\/de\/wp-json\/wp\/v2\/product"}],"about":[{"href":"https:\/\/streetethic.de\/de\/wp-json\/wp\/v2\/types\/product"}],"replies":[{"embeddable":true,"href":"https:\/\/streetethic.de\/de\/wp-json\/wp\/v2\/comments?post=25056"}],"wp:featuredmedia":[{"embeddable":true,"href":"https:\/\/streetethic.de\/de\/wp-json\/wp\/v2\/media\/25047"}],"wp:attachment":[{"href":"https:\/\/streetethic.de\/de\/wp-json\/wp\/v2\/media?parent=25056"}],"wp:term":[{"taxonomy":"product_brand","embeddable":true,"href":"https:\/\/streetethic.de\/de\/wp-json\/wp\/v2\/product_brand?post=25056"},{"taxonomy":"product_cat","embeddable":true,"href":"https:\/\/streetethic.de\/de\/wp-json\/wp\/v2\/product_cat?post=25056"},{"taxonomy":"product_tag","embeddable":true,"href":"https:\/\/streetethic.de\/de\/wp-json\/wp\/v2\/product_tag?post=25056"}],"curies":[{"name":"wp","href":"https:\/\/api.w.org\/{rel}","templated":true}]}}