{"id":24878,"date":"2025-09-10T18:18:16","date_gmt":"2025-09-10T18:18:16","guid":{"rendered":"https:\/\/streetethic.de\/product\/mono-splash-t-shirt\/"},"modified":"2025-09-12T20:43:20","modified_gmt":"2025-09-12T20:43:20","slug":"mono-splash-t-shirt","status":"publish","type":"product","link":"https:\/\/streetethic.de\/de\/produkt\/mono-splash-t-shirt\/","title":{"rendered":"Mono Splash T-shirt"},"content":{"rendered":"<p>Bringen Sie Ihre Streetwear auf ein neues Level mit diesem wei\u00dfen T-Shirt, versehen mit kr\u00e4ftigen schwarzen und grauen Farbspritzern und aussagekr\u00e4ftigen Patches \u2014 ein rotes \u201eForever\u201c-Patch f\u00fcr zeitlose Haltung, ein schwarzes \u201eG.U.N\u201c-Patch neu interpretiert als \u201eGo Upward Now\u201c f\u00fcr Motivation, und ein wei\u00dfes Patch mit der Aufschrift \u201eThrough fire and back GO\u201c, das Belastbarkeit symb Der lockere Schnitt und das weiche Material machen es einfach, das T-Shirt unter Jacken oder Hoodies zu layern, w\u00e4hrend das auff\u00e4llige Design jedem Casual-Look sofort Pers\u00f6nlichkeit verleiht. Perfekt kombinierbar mit Jeans, Jogginghosen oder Cargohosen, verwandelt dieses T-Shirt einfache Alltagslooks in auff\u00e4llige, urbane Statements.<\/p>\n","protected":false},"excerpt":{"rendered":"<p>Bringen Sie Ihre Streetwear auf ein neues Level mit diesem wei\u00dfen T-Shirt, versehen mit kr\u00e4ftigen schwarzen und grauen Farbspritzern und aussagekr\u00e4ftigen Patches \u2014 ein rotes \u201eForever\u201c-Patch f\u00fcr zeitlose Haltung, ein schwarzes \u201eG.U.N\u201c-Patch neu interpretiert als \u201eGo Upward Now\u201c f\u00fcr Motivation, und ein wei\u00dfes Patch mit der Aufschrift \u201eThrough fire and back GO\u201c, das Belastbarkeit symb [&hellip;]<\/p>\n","protected":false},"featured_media":24883,"comment_status":"closed","ping_status":"closed","template":"","meta":[],"product_brand":[],"product_cat":[656],"product_tag":[],"class_list":{"0":"post-24878","1":"product","2":"type-product","3":"status-publish","4":"has-post-thumbnail","6":"product_cat-tshirts-herren","8":"first","9":"instock","10":"taxable","11":"shipping-taxable","12":"purchasable","13":"product-type-variable"},"aioseo_notices":[],"_links":{"self":[{"href":"https:\/\/streetethic.de\/de\/wp-json\/wp\/v2\/product\/24878","targetHints":{"allow":["GET"]}}],"collection":[{"href":"https:\/\/streetethic.de\/de\/wp-json\/wp\/v2\/product"}],"about":[{"href":"https:\/\/streetethic.de\/de\/wp-json\/wp\/v2\/types\/product"}],"replies":[{"embeddable":true,"href":"https:\/\/streetethic.de\/de\/wp-json\/wp\/v2\/comments?post=24878"}],"wp:featuredmedia":[{"embeddable":true,"href":"https:\/\/streetethic.de\/de\/wp-json\/wp\/v2\/media\/24883"}],"wp:attachment":[{"href":"https:\/\/streetethic.de\/de\/wp-json\/wp\/v2\/media?parent=24878"}],"wp:term":[{"taxonomy":"product_brand","embeddable":true,"href":"https:\/\/streetethic.de\/de\/wp-json\/wp\/v2\/product_brand?post=24878"},{"taxonomy":"product_cat","embeddable":true,"href":"https:\/\/streetethic.de\/de\/wp-json\/wp\/v2\/product_cat?post=24878"},{"taxonomy":"product_tag","embeddable":true,"href":"https:\/\/streetethic.de\/de\/wp-json\/wp\/v2\/product_tag?post=24878"}],"curies":[{"name":"wp","href":"https:\/\/api.w.org\/{rel}","templated":true}]}}