{"id":24855,"date":"2025-08-29T18:09:31","date_gmt":"2025-08-29T18:09:31","guid":{"rendered":"https:\/\/streetethic.de\/allgemeine-geschaeftsbedingungen-agb\/"},"modified":"2025-09-12T22:26:55","modified_gmt":"2025-09-12T22:26:55","slug":"bedingungen","status":"publish","type":"page","link":"https:\/\/streetethic.de\/de\/bedingungen\/","title":{"rendered":"Bedingungen"},"content":{"rendered":"\t\t<div data-elementor-type=\"wp-page\" data-elementor-id=\"24855\" class=\"elementor elementor-24855 elementor-23351\">\n\t\t\t\t<div class=\"elementor-element elementor-element-5f0246b e-flex e-con-boxed e-con e-parent\" data-id=\"5f0246b\" data-element_type=\"container\">\n\t\t\t\t\t<div class=\"e-con-inner\">\n\t\t\t\t<div class=\"elementor-element elementor-element-85bdc1e elementor-widget elementor-widget-heading\" data-id=\"85bdc1e\" data-element_type=\"widget\" data-widget_type=\"heading.default\">\n\t\t\t\t\t<h5 class=\"elementor-heading-title elementor-size-default\">1. Vertragsschluss<\/h5>\t\t\t\t<\/div>\n\t\t\t\t<div class=\"elementor-element elementor-element-60f9dc9 elementor-widget elementor-widget-heading\" data-id=\"60f9dc9\" data-element_type=\"widget\" data-widget_type=\"heading.default\">\n\t\t\t\t\t<p class=\"elementor-heading-title elementor-size-default\"><p>Ein rechtsverbindlicher Vertrag kommt zustande, sobald der Kunde den Checkout-Prozess auf unserer Website abschlie\u00dft und die Zahlung f\u00fcr seine Bestellung t\u00e4tigt.<\/p>\n<\/p>\t\t\t\t<\/div>\n\t\t\t\t\t<\/div>\n\t\t\t\t<\/div>\n\t\t<div class=\"elementor-element elementor-element-ea955e6 e-flex e-con-boxed e-con e-parent\" data-id=\"ea955e6\" data-element_type=\"container\">\n\t\t\t\t\t<div class=\"e-con-inner\">\n\t\t\t\t<div class=\"elementor-element elementor-element-47c2566 elementor-widget elementor-widget-heading\" data-id=\"47c2566\" data-element_type=\"widget\" data-widget_type=\"heading.default\">\n\t\t\t\t\t<h5 class=\"elementor-heading-title elementor-size-default\">2. Zahlungsarten<\/h5>\t\t\t\t<\/div>\n\t\t\t\t<div class=\"elementor-element elementor-element-a86f931 elementor-widget elementor-widget-heading\" data-id=\"a86f931\" data-element_type=\"widget\" data-widget_type=\"heading.default\">\n\t\t\t\t\t<p class=\"elementor-heading-title elementor-size-default\"><p>Folgende Zahlungsarten stehen zur Verf\u00fcgung:<\/p>\n<ul>\n<li>PayPal (inklusive SEPA-Zahlungen)<\/li>\n<li>WooPayments \/ Stripe (Kreditkarten, Klarna, Google Pay, Apple Pay)<\/li>\n<\/ul><\/p>\t\t\t\t<\/div>\n\t\t\t\t\t<\/div>\n\t\t\t\t<\/div>\n\t\t<div class=\"elementor-element elementor-element-c7b0f3b e-flex e-con-boxed e-con e-parent\" data-id=\"c7b0f3b\" data-element_type=\"container\">\n\t\t\t\t\t<div class=\"e-con-inner\">\n\t\t\t\t<div class=\"elementor-element elementor-element-832f754 elementor-widget elementor-widget-heading\" data-id=\"832f754\" data-element_type=\"widget\" data-widget_type=\"heading.default\">\n\t\t\t\t\t<h5 class=\"elementor-heading-title elementor-size-default\">3. Versand und Lieferung<\/h5>\t\t\t\t<\/div>\n\t\t\t\t<div class=\"elementor-element elementor-element-7229cc3 elementor-widget elementor-widget-heading\" data-id=\"7229cc3\" data-element_type=\"widget\" data-widget_type=\"heading.default\">\n\t\t\t\t\t<p class=\"elementor-heading-title elementor-size-default\"><p>Wir versenden Bestellungen mit DHL, Hermes und DPD. Die \u00fcbliche Lieferzeit betr\u00e4gt ca. 3 Werktage. Der Versand ist f\u00fcr Kunden kostenlos.<\/p>\n<p>Die R\u00fccksendekosten tr\u00e4gt der Kunde.<\/p><\/p>\t\t\t\t<\/div>\n\t\t\t\t\t<\/div>\n\t\t\t\t<\/div>\n\t\t<div class=\"elementor-element elementor-element-94a2aeb e-flex e-con-boxed e-con e-parent\" data-id=\"94a2aeb\" data-element_type=\"container\">\n\t\t\t\t\t<div class=\"e-con-inner\">\n\t\t\t\t<div class=\"elementor-element elementor-element-e7de84a elementor-widget elementor-widget-heading\" data-id=\"e7de84a\" data-element_type=\"widget\" data-widget_type=\"heading.default\">\n\t\t\t\t\t<h5 class=\"elementor-heading-title elementor-size-default\">4. Stornierung von Bestellungen<\/h5>\t\t\t\t<\/div>\n\t\t\t\t<div class=\"elementor-element elementor-element-9d61f93 elementor-widget elementor-widget-heading\" data-id=\"9d61f93\" data-element_type=\"widget\" data-widget_type=\"heading.default\">\n\t\t\t\t\t<p class=\"elementor-heading-title elementor-size-default\"><p>Kunden k\u00f6nnen uns kontaktieren, um ihre Bestellung zu stornieren oder zu \u00e4ndern, bevor die Ware versendet wurde.<\/p>\n<\/p>\t\t\t\t<\/div>\n\t\t\t\t\t<\/div>\n\t\t\t\t<\/div>\n\t\t<div class=\"elementor-element elementor-element-c6cf639 e-flex e-con-boxed e-con e-parent\" data-id=\"c6cf639\" data-element_type=\"container\">\n\t\t\t\t\t<div class=\"e-con-inner\">\n\t\t\t\t<div class=\"elementor-element elementor-element-2194c39 elementor-widget elementor-widget-heading\" data-id=\"2194c39\" data-element_type=\"widget\" data-widget_type=\"heading.default\">\n\t\t\t\t\t<h5 class=\"elementor-heading-title elementor-size-default\">5. Widerrufsrecht \/ R\u00fccksendung<\/h5>\t\t\t\t<\/div>\n\t\t\t\t<div class=\"elementor-element elementor-element-cb01bca elementor-widget elementor-widget-heading\" data-id=\"cb01bca\" data-element_type=\"widget\" data-widget_type=\"heading.default\">\n\t\t\t\t\t<p class=\"elementor-heading-title elementor-size-default\"><p>Kunden haben ein 14-t\u00e4giges Widerrufsrecht gem\u00e4\u00df unserer <a href=\"\/widerrufsbelehrung\">Widerrufsbelehrung<\/a>. Dies erm\u00f6glicht die R\u00fccksendung von Artikeln ohne Angabe von Gr\u00fcnden innerhalb von 14 Tagen nach Erhalt.<\/p>\n<\/p>\t\t\t\t<\/div>\n\t\t\t\t\t<\/div>\n\t\t\t\t<\/div>\n\t\t<div class=\"elementor-element elementor-element-9bebdea e-flex e-con-boxed e-con e-parent\" data-id=\"9bebdea\" data-element_type=\"container\">\n\t\t\t\t\t<div class=\"e-con-inner\">\n\t\t\t\t<div class=\"elementor-element elementor-element-1f0af61 elementor-widget elementor-widget-heading\" data-id=\"1f0af61\" data-element_type=\"widget\" data-widget_type=\"heading.default\">\n\t\t\t\t\t<h5 class=\"elementor-heading-title elementor-size-default\">6. Gew\u00e4hrleistung \/ Haftung<\/h5>\t\t\t\t<\/div>\n\t\t\t\t<div class=\"elementor-element elementor-element-070d509 elementor-widget elementor-widget-heading\" data-id=\"070d509\" data-element_type=\"widget\" data-widget_type=\"heading.default\">\n\t\t\t\t\t<p class=\"elementor-heading-title elementor-size-default\"><p>Wir gew\u00e4hren die gesetzliche Gew\u00e4hrleistung nach deutschem Recht. Diese umfasst Anspr\u00fcche bei mangelhaften oder falschen Artikeln.<\/p>\n<\/p>\t\t\t\t<\/div>\n\t\t\t\t\t<\/div>\n\t\t\t\t<\/div>\n\t\t<div class=\"elementor-element elementor-element-b0029bf e-flex e-con-boxed e-con e-parent\" data-id=\"b0029bf\" data-element_type=\"container\">\n\t\t\t\t\t<div class=\"e-con-inner\">\n\t\t\t\t<div class=\"elementor-element elementor-element-45d5e97 elementor-widget elementor-widget-heading\" data-id=\"45d5e97\" data-element_type=\"widget\" data-widget_type=\"heading.default\">\n\t\t\t\t\t<h5 class=\"elementor-heading-title elementor-size-default\">7. Anwendbares Recht<\/h5>\t\t\t\t<\/div>\n\t\t\t\t<div class=\"elementor-element elementor-element-fd25801 elementor-widget elementor-widget-heading\" data-id=\"fd25801\" data-element_type=\"widget\" data-widget_type=\"heading.default\">\n\t\t\t\t\t<p class=\"elementor-heading-title elementor-size-default\"><p>Alle Vertr\u00e4ge unterliegen dem Recht der Bundesrepublik Deutschland.<\/p><\/p>\t\t\t\t<\/div>\n\t\t\t\t\t<\/div>\n\t\t\t\t<\/div>\n\t\t\t\t<\/div>\n\t\t","protected":false},"excerpt":{"rendered":"<p>1. Vertragsschluss Ein rechtsverbindlicher Vertrag kommt zustande, sobald der Kunde den Checkout-Prozess auf unserer Website abschlie\u00dft und die Zahlung f\u00fcr seine Bestellung t\u00e4tigt. 2. Zahlungsarten Folgende Zahlungsarten stehen zur Verf\u00fcgung: PayPal (inklusive SEPA-Zahlungen) WooPayments \/ Stripe (Kreditkarten, Klarna, Google Pay, Apple Pay) 3. Versand und Lieferung Wir versenden Bestellungen mit DHL, Hermes und DPD. Die [&hellip;]<\/p>\n","protected":false},"author":1,"featured_media":0,"parent":0,"menu_order":0,"comment_status":"closed","ping_status":"closed","template":"","meta":{"footnotes":""},"class_list":["post-24855","page","type-page","status-publish","hentry"],"aioseo_notices":[],"_links":{"self":[{"href":"https:\/\/streetethic.de\/de\/wp-json\/wp\/v2\/pages\/24855","targetHints":{"allow":["GET"]}}],"collection":[{"href":"https:\/\/streetethic.de\/de\/wp-json\/wp\/v2\/pages"}],"about":[{"href":"https:\/\/streetethic.de\/de\/wp-json\/wp\/v2\/types\/page"}],"author":[{"embeddable":true,"href":"https:\/\/streetethic.de\/de\/wp-json\/wp\/v2\/users\/1"}],"replies":[{"embeddable":true,"href":"https:\/\/streetethic.de\/de\/wp-json\/wp\/v2\/comments?post=24855"}],"version-history":[{"count":3,"href":"https:\/\/streetethic.de\/de\/wp-json\/wp\/v2\/pages\/24855\/revisions"}],"predecessor-version":[{"id":24894,"href":"https:\/\/streetethic.de\/de\/wp-json\/wp\/v2\/pages\/24855\/revisions\/24894"}],"wp:attachment":[{"href":"https:\/\/streetethic.de\/de\/wp-json\/wp\/v2\/media?parent=24855"}],"curies":[{"name":"wp","href":"https:\/\/api.w.org\/{rel}","templated":true}]}}