{"id":24824,"date":"2025-08-29T18:09:31","date_gmt":"2025-08-29T18:09:31","guid":{"rendered":"https:\/\/streetethic.de\/datenschutzrichtlinie\/"},"modified":"2025-09-12T18:21:49","modified_gmt":"2025-09-12T18:21:49","slug":"datenschutzerklaerung","status":"publish","type":"page","link":"https:\/\/streetethic.de\/de\/datenschutzerklaerung\/","title":{"rendered":"Datenschutzerkl\u00e4rung"},"content":{"rendered":"\t\t<div data-elementor-type=\"wp-page\" data-elementor-id=\"24824\" class=\"elementor elementor-24824 elementor-23348\">\n\t\t\t\t<div class=\"elementor-element elementor-element-58aa5c2 e-flex e-con-boxed e-con e-parent\" data-id=\"58aa5c2\" data-element_type=\"container\">\n\t\t\t\t\t<div class=\"e-con-inner\">\n\t\t\t\t<div class=\"elementor-element elementor-element-b4b11ba elementor-widget elementor-widget-heading\" data-id=\"b4b11ba\" data-element_type=\"widget\" data-widget_type=\"heading.default\">\n\t\t\t\t\t<h5 class=\"elementor-heading-title elementor-size-default\">1. Verantwortlicher<\/h5>\t\t\t\t<\/div>\n\t\t\t\t<div class=\"elementor-element elementor-element-540b273 elementor-widget elementor-widget-heading\" data-id=\"540b273\" data-element_type=\"widget\" data-widget_type=\"heading.default\">\n\t\t\t\t\t<p class=\"elementor-heading-title elementor-size-default\"><p>Verantwortlich f\u00fcr die Verarbeitung personenbezogener Daten ist:<br><strong>Mohsin Kamal Akbar<\/strong><br>Marksburgstr. 35, 10318, Berlin, Germany<br>Email: <a href=\"mailto:support@streetethic.de\">support@streetethic.de<\/a><br><\/p>\t\t\t\t<\/div>\n\t\t\t\t\t<\/div>\n\t\t\t\t<\/div>\n\t\t<div class=\"elementor-element elementor-element-7baad8f e-flex e-con-boxed e-con e-parent\" data-id=\"7baad8f\" data-element_type=\"container\">\n\t\t\t\t\t<div class=\"e-con-inner\">\n\t\t\t\t<div class=\"elementor-element elementor-element-e319dee elementor-widget elementor-widget-heading\" data-id=\"e319dee\" data-element_type=\"widget\" data-widget_type=\"heading.default\">\n\t\t\t\t\t<h5 class=\"elementor-heading-title elementor-size-default\">2. Erhebung und Verwendung personenbezogener Daten<\/h5>\t\t\t\t<\/div>\n\t\t\t\t<div class=\"elementor-element elementor-element-dff8021 elementor-widget elementor-widget-heading\" data-id=\"dff8021\" data-element_type=\"widget\" data-widget_type=\"heading.default\">\n\t\t\t\t\t<p class=\"elementor-heading-title elementor-size-default\"><p>Wir erheben und verarbeiten folgende Daten von Ihnen:<\/p>\n<ul>\n<li>Name<\/li>\n<li>Adresse<\/li>\n<li>Zahlungsinformationen (\u00fcber PayPal und WooPayments)<\/li>\n<li>Kundenkonto \/ Login-Daten<\/li>\n<\/ul>\n<p><strong>Zweck der Verarbeitung:<\/strong><\/p>\n<ul>\n<li>Abwicklung von Bestellungen<\/li>\n<li>Verwaltung von Kundenkonten<\/li>\n<li>Erf\u00fcllung gesetzlicher Aufbewahrungspflichten<\/li>\n<\/ul>\n<p><strong>Rechtsgrundlage:<\/strong> Art. 6 Abs. 1 lit. b DSGVO (Vertragserf\u00fcllung) b GDPR (performance of a contract)<\/p><\/p>\t\t\t\t<\/div>\n\t\t\t\t\t<\/div>\n\t\t\t\t<\/div>\n\t\t<div class=\"elementor-element elementor-element-d69de55 e-flex e-con-boxed e-con e-parent\" data-id=\"d69de55\" data-element_type=\"container\">\n\t\t\t\t\t<div class=\"e-con-inner\">\n\t\t\t\t<div class=\"elementor-element elementor-element-0919117 elementor-widget elementor-widget-heading\" data-id=\"0919117\" data-element_type=\"widget\" data-widget_type=\"heading.default\">\n\t\t\t\t\t<h5 class=\"elementor-heading-title elementor-size-default\">3. Weitergabe von Daten an Dritte<\/h5>\t\t\t\t<\/div>\n\t\t\t\t<div class=\"elementor-element elementor-element-c5b1e2f elementor-widget elementor-widget-heading\" data-id=\"c5b1e2f\" data-element_type=\"widget\" data-widget_type=\"heading.default\">\n\t\t\t\t\t<p class=\"elementor-heading-title elementor-size-default\"><p>Wir geben Ihre Daten nur weiter, soweit dies f\u00fcr die Vertragserf\u00fcllung erforderlich ist:<\/p>\n<ul>\n<li><strong>PayPal<\/strong> (inklusive SEPA-Zahlungen)<\/li>\n<li><strong>WooPayments \/ Stripe<\/strong> (unterst\u00fctzt Kreditkarten, Klarna, Google Pay, Apple Pay)<\/li>\n<\/ul><\/p>\t\t\t\t<\/div>\n\t\t\t\t\t<\/div>\n\t\t\t\t<\/div>\n\t\t<div class=\"elementor-element elementor-element-3a96f31 e-flex e-con-boxed e-con e-parent\" data-id=\"3a96f31\" data-element_type=\"container\">\n\t\t\t\t\t<div class=\"e-con-inner\">\n\t\t\t\t<div class=\"elementor-element elementor-element-999691c elementor-widget elementor-widget-heading\" data-id=\"999691c\" data-element_type=\"widget\" data-widget_type=\"heading.default\">\n\t\t\t\t\t<h5 class=\"elementor-heading-title elementor-size-default\">4. Cookies<\/h5>\t\t\t\t<\/div>\n\t\t\t\t<div class=\"elementor-element elementor-element-037f208 elementor-widget elementor-widget-heading\" data-id=\"037f208\" data-element_type=\"widget\" data-widget_type=\"heading.default\">\n\t\t\t\t\t<p class=\"elementor-heading-title elementor-size-default\"><p>Unsere Website verwendet Cookies, die f\u00fcr den Betrieb des Shops notwendig sind, z. B.:<\/p>\n<ul>\n<li>Warenkorb-Funktion<\/li>\n<li>Login-Sitzungen<\/li>\n<li>Zahlungsabwicklung<\/li>\n<\/ul>\n<p><strong>Hinweis:<\/strong> Diese Cookies werden nur f\u00fcr funktionale Zwecke eingesetzt. Keine Tracking- oder Marketing-Cookies werden verwendet.<\/p><\/p>\t\t\t\t<\/div>\n\t\t\t\t\t<\/div>\n\t\t\t\t<\/div>\n\t\t<div class=\"elementor-element elementor-element-6308f43 e-flex e-con-boxed e-con e-parent\" data-id=\"6308f43\" data-element_type=\"container\">\n\t\t\t\t\t<div class=\"e-con-inner\">\n\t\t\t\t<div class=\"elementor-element elementor-element-75f6c27 elementor-widget elementor-widget-heading\" data-id=\"75f6c27\" data-element_type=\"widget\" data-widget_type=\"heading.default\">\n\t\t\t\t\t<h5 class=\"elementor-heading-title elementor-size-default\">5. Speicherdauer<\/h5>\t\t\t\t<\/div>\n\t\t\t\t<div class=\"elementor-element elementor-element-8e93667 elementor-widget elementor-widget-heading\" data-id=\"8e93667\" data-element_type=\"widget\" data-widget_type=\"heading.default\">\n\t\t\t\t\t<p class=\"elementor-heading-title elementor-size-default\"><ul>\n<li>Bestelldaten \/ Rechnungen: 10 Jahre (gesetzlich vorgeschrieben)<\/li>\n<li>Kundenkonto \/ Login-Daten: bis zur L\u00f6schung des Accounts<\/li>\n<li>Funktionale Cookies: bis Ende der Sitzung oder maximal einige Monate<\/li>\n<\/ul><\/p>\t\t\t\t<\/div>\n\t\t\t\t\t<\/div>\n\t\t\t\t<\/div>\n\t\t<div class=\"elementor-element elementor-element-dc6e3d2 e-flex e-con-boxed e-con e-parent\" data-id=\"dc6e3d2\" data-element_type=\"container\">\n\t\t\t\t\t<div class=\"e-con-inner\">\n\t\t\t\t<div class=\"elementor-element elementor-element-df158df elementor-widget elementor-widget-heading\" data-id=\"df158df\" data-element_type=\"widget\" data-widget_type=\"heading.default\">\n\t\t\t\t\t<h5 class=\"elementor-heading-title elementor-size-default\">6. Rechte der betroffenen Personen<\/h5>\t\t\t\t<\/div>\n\t\t\t\t<div class=\"elementor-element elementor-element-9d6c148 elementor-widget elementor-widget-heading\" data-id=\"9d6c148\" data-element_type=\"widget\" data-widget_type=\"heading.default\">\n\t\t\t\t\t<p class=\"elementor-heading-title elementor-size-default\"><p>Sie haben das Recht auf:<\/p>\n<ul>\n<li>Auskunft \u00fcber Ihre gespeicherten Daten (Art. 15 DSGVO)<\/li>\n<li>Berichtigung falscher Daten (Art. 16 DSGVO)<\/li>\n<li>L\u00f6schung (Art. 17 DSGVO)<\/li>\n<li>Einschr\u00e4nkung der Verarbeitung (Art. 18 DSGVO)<\/li>\n<li>Daten\u00fcbertragbarkeit (Art. 20 DSGVO)<\/li>\n<li>Widerspruch gegen Verarbeitung (Art. 21 DSGVO)<\/li>\n<\/ul>\n<p><strong>Beschwerderecht:<\/strong> Sie k\u00f6nnen sich bei der zust\u00e4ndigen Datenschutzbeh\u00f6rde beschweren.<\/p><\/p>\t\t\t\t<\/div>\n\t\t\t\t\t<\/div>\n\t\t\t\t<\/div>\n\t\t<div class=\"elementor-element elementor-element-c8bcb94 e-flex e-con-boxed e-con e-parent\" data-id=\"c8bcb94\" data-element_type=\"container\">\n\t\t\t\t\t<div class=\"e-con-inner\">\n\t\t\t\t<div class=\"elementor-element elementor-element-ef4870b elementor-widget elementor-widget-heading\" data-id=\"ef4870b\" data-element_type=\"widget\" data-widget_type=\"heading.default\">\n\t\t\t\t\t<h5 class=\"elementor-heading-title elementor-size-default\">7. Datensicherheit<\/h5>\t\t\t\t<\/div>\n\t\t\t\t<div class=\"elementor-element elementor-element-7d933e5 elementor-widget elementor-widget-heading\" data-id=\"7d933e5\" data-element_type=\"widget\" data-widget_type=\"heading.default\">\n\t\t\t\t\t<p class=\"elementor-heading-title elementor-size-default\"><p>Wir verwenden angemessene technische und organisatorische Ma\u00dfnahmen, einschlie\u00dflich SSL-Verschl\u00fcsselung, um Ihre Daten zu sch\u00fctzen.<\/p><\/p>\t\t\t\t<\/div>\n\t\t\t\t\t<\/div>\n\t\t\t\t<\/div>\n\t\t\t\t<\/div>\n\t\t","protected":false},"excerpt":{"rendered":"<p>1. Verantwortlicher Verantwortlich f\u00fcr die Verarbeitung personenbezogener Daten ist:Mohsin Kamal AkbarMarksburgstr. 35, 10318, Berlin, GermanyEmail: support@streetethic.de 2. Erhebung und Verwendung personenbezogener Daten Wir erheben und verarbeiten folgende Daten von Ihnen: Name Adresse Zahlungsinformationen (\u00fcber PayPal und WooPayments) Kundenkonto \/ Login-Daten Zweck der Verarbeitung: Abwicklung von Bestellungen Verwaltung von Kundenkonten Erf\u00fcllung gesetzlicher Aufbewahrungspflichten Rechtsgrundlage: Art. 6 [&hellip;]<\/p>\n","protected":false},"author":1,"featured_media":0,"parent":0,"menu_order":0,"comment_status":"closed","ping_status":"closed","template":"","meta":{"footnotes":""},"class_list":["post-24824","page","type-page","status-publish","hentry"],"aioseo_notices":[],"_links":{"self":[{"href":"https:\/\/streetethic.de\/de\/wp-json\/wp\/v2\/pages\/24824","targetHints":{"allow":["GET"]}}],"collection":[{"href":"https:\/\/streetethic.de\/de\/wp-json\/wp\/v2\/pages"}],"about":[{"href":"https:\/\/streetethic.de\/de\/wp-json\/wp\/v2\/types\/page"}],"author":[{"embeddable":true,"href":"https:\/\/streetethic.de\/de\/wp-json\/wp\/v2\/users\/1"}],"replies":[{"embeddable":true,"href":"https:\/\/streetethic.de\/de\/wp-json\/wp\/v2\/comments?post=24824"}],"version-history":[{"count":2,"href":"https:\/\/streetethic.de\/de\/wp-json\/wp\/v2\/pages\/24824\/revisions"}],"predecessor-version":[{"id":24850,"href":"https:\/\/streetethic.de\/de\/wp-json\/wp\/v2\/pages\/24824\/revisions\/24850"}],"wp:attachment":[{"href":"https:\/\/streetethic.de\/de\/wp-json\/wp\/v2\/media?parent=24824"}],"curies":[{"name":"wp","href":"https:\/\/api.w.org\/{rel}","templated":true}]}}